{"id":6952,"date":"2023-06-07T07:22:30","date_gmt":"2023-06-07T07:22:30","guid":{"rendered":"https:\/\/peranet.com.tr\/contact\/thank-you\/"},"modified":"2023-09-26T10:17:15","modified_gmt":"2023-09-26T10:17:15","slug":"thank-you","status":"publish","type":"page","link":"https:\/\/peranet.com.tr\/en\/contact\/thank-you\/","title":{"rendered":"Thank you."},"content":{"rendered":"<div class=\"fusion-fullwidth fullwidth-box fusion-builder-row-1 fusion-flex-container fusion-parallax-none nonhundred-percent-fullwidth non-hundred-percent-height-scrolling\" style=\"--link_hover_color: var(--awb-color2);--link_color: var(--awb-color5);--awb-border-sizes-top:0px;--awb-border-sizes-bottom:0px;--awb-border-sizes-left:0px;--awb-border-sizes-right:0px;--awb-border-radius-top-left:0px;--awb-border-radius-top-right:0px;--awb-border-radius-bottom-right:0px;--awb-border-radius-bottom-left:0px;--awb-padding-top:0px;--awb-padding-right:30px;--awb-padding-bottom:0px;--awb-padding-left:30px;--awb-padding-top-medium:90px;--awb-padding-right-medium:90px;--awb-padding-bottom-medium:90px;--awb-padding-left-medium:90px;--awb-margin-top:0px;--awb-margin-bottom:0px;--awb-min-height:100vh;--awb-background-image:linear-gradient(180deg, hsla(var(--awb-color8-h),var(--awb-color8-s),var(--awb-color8-l),calc(var(--awb-color8-a) - 13%)) 0%,var(--awb-color8) 100%),url(https:\/\/peranet.com.tr\/wp-content\/uploads\/2023\/06\/business-concept-with-team-close-up-1-1200x800.jpg);;--awb-background-size:cover;--awb-flex-wrap:wrap;\" data-preload-img=\"https:\/\/peranet.com.tr\/wp-content\/uploads\/2023\/06\/business-concept-with-team-close-up-1-1200x800.jpg\" ><div class=\"fusion-builder-row fusion-row fusion-flex-align-items-center fusion-flex-justify-content-center fusion-flex-content-wrap\" style=\"max-width:1248px;margin-left: calc(-4% \/ 2 );margin-right: calc(-4% \/ 2 );\"><div class=\"fusion-layout-column fusion_builder_column fusion-builder-column-0 fusion_builder_column_3_4 3_4 fusion-flex-column fusion-animated\" style=\"--awb-padding-top:0%;--awb-padding-right:0%;--awb-padding-bottom:0%;--awb-padding-left:0%;--awb-padding-bottom-medium:0px;--awb-bg-size:cover;--awb-width-large:75%;--awb-margin-top-large:0px;--awb-spacing-right-large:2.56%;--awb-margin-bottom-large:0px;--awb-spacing-left-large:2.56%;--awb-width-medium:66.666666666667%;--awb-order-medium:1;--awb-spacing-right-medium:2.88%;--awb-spacing-left-medium:2.88%;--awb-width-small:100%;--awb-order-small:1;--awb-spacing-right-small:1.92%;--awb-spacing-left-small:1.92%;\" data-animationType=\"fadeInUp\" data-animationDuration=\"1.3\" data-animationOffset=\"top-into-view\"><div class=\"fusion-column-wrapper fusion-column-has-shadow fusion-flex-justify-content-flex-start fusion-content-layout-column\"><div class=\"fusion-title title fusion-title-1 fusion-sep-none fusion-title-center fusion-title-text fusion-title-size-one\" style=\"--awb-text-color:var(--awb-color1);--awb-margin-bottom:0px;\"><h1 class=\"fusion-title-heading title-heading-center fusion-responsive-typography-calculated\" style=\"margin:0;--fontSize:36;line-height:1.2;\">Thank you for your interest!<\/h1><\/div><div class=\"fusion-title title fusion-title-2 fusion-sep-none fusion-title-center fusion-title-text fusion-title-size-two\" style=\"--awb-text-color:var(--awb-color1);--awb-margin-top:0px;--awb-margin-bottom:25px;\"><h2 class=\"fusion-title-heading title-heading-center fusion-responsive-typography-calculated\" style=\"margin:0;--fontSize:30;line-height:var(--awb-typography1-line-height);\"><h3>Your application has been received.<\/h3><\/h2><\/div><div class=\"fusion-text fusion-text-1 fusion-text-no-margin\" style=\"--awb-content-alignment:center;--awb-font-size:20px;--awb-line-height:var(--awb-typography4-line-height);--awb-letter-spacing:var(--awb-typography4-letter-spacing);--awb-text-transform:var(--awb-typography4-text-transform);--awb-text-color:var(--awb-color1);--awb-margin-top:0px;--awb-margin-bottom:65px;--awb-text-font-family:var(--awb-typography4-font-family);--awb-text-font-weight:var(--awb-typography4-font-weight);--awb-text-font-style:var(--awb-typography4-font-style);\"><p>Our team will contact you as soon as possible and provide information regarding your request. For all details and questions, you can reach us at <a href=\"mailto:bilgi@peranet.com.tr\">bilgi@peranet.com.tr<\/a> or by calling <a href=\"tel:+902167067372\">+90 216 706 7372<\/a>.<\/p>\n<\/div><\/div><\/div><\/div><\/div>\n","protected":false},"excerpt":{"rendered":"","protected":false},"author":8,"featured_media":0,"parent":6894,"menu_order":0,"comment_status":"closed","ping_status":"closed","template":"100-width.php","meta":{"footnotes":""},"class_list":["post-6952","page","type-page","status-publish","hentry"],"yoast_head":"<!-- This site is optimized with the Yoast SEO plugin v27.3 - https:\/\/yoast.com\/product\/yoast-seo-wordpress\/ -->\n<title>Thank you for contacting Peranet.<\/title>\n<meta name=\"description\" content=\"Welcome to the Peranet family. Thank you for your communication. We are ready to serve you in all areas in which we are experts.\" \/>\n<meta name=\"robots\" content=\"index, follow, max-snippet:-1, max-image-preview:large, max-video-preview:-1\" \/>\n<link rel=\"canonical\" href=\"https:\/\/peranet.com.tr\/en\/contact\/thank-you\/\" \/>\n<meta property=\"og:locale\" content=\"en_US\" \/>\n<meta property=\"og:type\" content=\"article\" \/>\n<meta property=\"og:title\" content=\"Thank you for contacting Peranet.\" \/>\n<meta property=\"og:description\" content=\"Welcome to the Peranet family. Thank you for your communication. We are ready to serve you in all areas in which we are experts.\" \/>\n<meta property=\"og:url\" content=\"https:\/\/peranet.com.tr\/en\/contact\/thank-you\/\" \/>\n<meta property=\"og:site_name\" content=\"PeraNet\" \/>\n<meta property=\"article:modified_time\" content=\"2023-09-26T10:17:15+00:00\" \/>\n<meta name=\"twitter:card\" content=\"summary_large_image\" \/>\n<meta name=\"twitter:label1\" content=\"Est. reading time\" \/>\n\t<meta name=\"twitter:data1\" content=\"2 minutes\" \/>\n<script type=\"application\/ld+json\" class=\"yoast-schema-graph\">{\"@context\":\"https:\\\/\\\/schema.org\",\"@graph\":[{\"@type\":\"WebPage\",\"@id\":\"https:\\\/\\\/peranet.com.tr\\\/en\\\/contact\\\/thank-you\\\/\",\"url\":\"https:\\\/\\\/peranet.com.tr\\\/en\\\/contact\\\/thank-you\\\/\",\"name\":\"Thank you for contacting Peranet.\",\"isPartOf\":{\"@id\":\"https:\\\/\\\/peranet.com.tr\\\/#website\"},\"datePublished\":\"2023-06-07T07:22:30+00:00\",\"dateModified\":\"2023-09-26T10:17:15+00:00\",\"description\":\"Welcome to the Peranet family. Thank you for your communication. We are ready to serve you in all areas in which we are experts.\",\"breadcrumb\":{\"@id\":\"https:\\\/\\\/peranet.com.tr\\\/en\\\/contact\\\/thank-you\\\/#breadcrumb\"},\"inLanguage\":\"en-US\",\"potentialAction\":[{\"@type\":\"ReadAction\",\"target\":[\"https:\\\/\\\/peranet.com.tr\\\/en\\\/contact\\\/thank-you\\\/\"]}]},{\"@type\":\"BreadcrumbList\",\"@id\":\"https:\\\/\\\/peranet.com.tr\\\/en\\\/contact\\\/thank-you\\\/#breadcrumb\",\"itemListElement\":[{\"@type\":\"ListItem\",\"position\":1,\"name\":\"Anasayfa\",\"item\":\"https:\\\/\\\/peranet.com.tr\\\/en\\\/\"},{\"@type\":\"ListItem\",\"position\":2,\"name\":\"Contact\",\"item\":\"https:\\\/\\\/peranet.com.tr\\\/en\\\/contact\\\/\"},{\"@type\":\"ListItem\",\"position\":3,\"name\":\"Thank you.\"}]},{\"@type\":\"WebSite\",\"@id\":\"https:\\\/\\\/peranet.com.tr\\\/#website\",\"url\":\"https:\\\/\\\/peranet.com.tr\\\/\",\"name\":\"PeraNet\",\"description\":\"\u0130\u015finize seviye atlat\u0131n\",\"publisher\":{\"@id\":\"https:\\\/\\\/peranet.com.tr\\\/#organization\"},\"potentialAction\":[{\"@type\":\"SearchAction\",\"target\":{\"@type\":\"EntryPoint\",\"urlTemplate\":\"https:\\\/\\\/peranet.com.tr\\\/?s={search_term_string}\"},\"query-input\":{\"@type\":\"PropertyValueSpecification\",\"valueRequired\":true,\"valueName\":\"search_term_string\"}}],\"inLanguage\":\"en-US\"},{\"@type\":\"Organization\",\"@id\":\"https:\\\/\\\/peranet.com.tr\\\/#organization\",\"name\":\"PeraNet\",\"url\":\"https:\\\/\\\/peranet.com.tr\\\/\",\"logo\":{\"@type\":\"ImageObject\",\"inLanguage\":\"en-US\",\"@id\":\"https:\\\/\\\/peranet.com.tr\\\/#\\\/schema\\\/logo\\\/image\\\/\",\"url\":\"https:\\\/\\\/peranet.com.tr\\\/wp-content\\\/uploads\\\/2023\\\/07\\\/peranet-600px-logo.png\",\"contentUrl\":\"https:\\\/\\\/peranet.com.tr\\\/wp-content\\\/uploads\\\/2023\\\/07\\\/peranet-600px-logo.png\",\"width\":600,\"height\":126,\"caption\":\"PeraNet\"},\"image\":{\"@id\":\"https:\\\/\\\/peranet.com.tr\\\/#\\\/schema\\\/logo\\\/image\\\/\"},\"sameAs\":[\"https:\\\/\\\/www.linkedin.com\\\/company\\\/peranet-bilgi-teknolojileri\\\/\",\"https:\\\/\\\/www.instagram.com\\\/peranetbt\\\/\"]}]}<\/script>\n<!-- \/ Yoast SEO plugin. -->","yoast_head_json":{"title":"Thank you for contacting Peranet.","description":"Welcome to the Peranet family. Thank you for your communication. We are ready to serve you in all areas in which we are experts.","robots":{"index":"index","follow":"follow","max-snippet":"max-snippet:-1","max-image-preview":"max-image-preview:large","max-video-preview":"max-video-preview:-1"},"canonical":"https:\/\/peranet.com.tr\/en\/contact\/thank-you\/","og_locale":"en_US","og_type":"article","og_title":"Thank you for contacting Peranet.","og_description":"Welcome to the Peranet family. Thank you for your communication. We are ready to serve you in all areas in which we are experts.","og_url":"https:\/\/peranet.com.tr\/en\/contact\/thank-you\/","og_site_name":"PeraNet","article_modified_time":"2023-09-26T10:17:15+00:00","twitter_card":"summary_large_image","twitter_misc":{"Est. reading time":"2 minutes"},"schema":{"@context":"https:\/\/schema.org","@graph":[{"@type":"WebPage","@id":"https:\/\/peranet.com.tr\/en\/contact\/thank-you\/","url":"https:\/\/peranet.com.tr\/en\/contact\/thank-you\/","name":"Thank you for contacting Peranet.","isPartOf":{"@id":"https:\/\/peranet.com.tr\/#website"},"datePublished":"2023-06-07T07:22:30+00:00","dateModified":"2023-09-26T10:17:15+00:00","description":"Welcome to the Peranet family. Thank you for your communication. We are ready to serve you in all areas in which we are experts.","breadcrumb":{"@id":"https:\/\/peranet.com.tr\/en\/contact\/thank-you\/#breadcrumb"},"inLanguage":"en-US","potentialAction":[{"@type":"ReadAction","target":["https:\/\/peranet.com.tr\/en\/contact\/thank-you\/"]}]},{"@type":"BreadcrumbList","@id":"https:\/\/peranet.com.tr\/en\/contact\/thank-you\/#breadcrumb","itemListElement":[{"@type":"ListItem","position":1,"name":"Anasayfa","item":"https:\/\/peranet.com.tr\/en\/"},{"@type":"ListItem","position":2,"name":"Contact","item":"https:\/\/peranet.com.tr\/en\/contact\/"},{"@type":"ListItem","position":3,"name":"Thank you."}]},{"@type":"WebSite","@id":"https:\/\/peranet.com.tr\/#website","url":"https:\/\/peranet.com.tr\/","name":"PeraNet","description":"\u0130\u015finize seviye atlat\u0131n","publisher":{"@id":"https:\/\/peranet.com.tr\/#organization"},"potentialAction":[{"@type":"SearchAction","target":{"@type":"EntryPoint","urlTemplate":"https:\/\/peranet.com.tr\/?s={search_term_string}"},"query-input":{"@type":"PropertyValueSpecification","valueRequired":true,"valueName":"search_term_string"}}],"inLanguage":"en-US"},{"@type":"Organization","@id":"https:\/\/peranet.com.tr\/#organization","name":"PeraNet","url":"https:\/\/peranet.com.tr\/","logo":{"@type":"ImageObject","inLanguage":"en-US","@id":"https:\/\/peranet.com.tr\/#\/schema\/logo\/image\/","url":"https:\/\/peranet.com.tr\/wp-content\/uploads\/2023\/07\/peranet-600px-logo.png","contentUrl":"https:\/\/peranet.com.tr\/wp-content\/uploads\/2023\/07\/peranet-600px-logo.png","width":600,"height":126,"caption":"PeraNet"},"image":{"@id":"https:\/\/peranet.com.tr\/#\/schema\/logo\/image\/"},"sameAs":["https:\/\/www.linkedin.com\/company\/peranet-bilgi-teknolojileri\/","https:\/\/www.instagram.com\/peranetbt\/"]}]}},"_links":{"self":[{"href":"https:\/\/peranet.com.tr\/en\/wp-json\/wp\/v2\/pages\/6952","targetHints":{"allow":["GET"]}}],"collection":[{"href":"https:\/\/peranet.com.tr\/en\/wp-json\/wp\/v2\/pages"}],"about":[{"href":"https:\/\/peranet.com.tr\/en\/wp-json\/wp\/v2\/types\/page"}],"author":[{"embeddable":true,"href":"https:\/\/peranet.com.tr\/en\/wp-json\/wp\/v2\/users\/8"}],"replies":[{"embeddable":true,"href":"https:\/\/peranet.com.tr\/en\/wp-json\/wp\/v2\/comments?post=6952"}],"version-history":[{"count":2,"href":"https:\/\/peranet.com.tr\/en\/wp-json\/wp\/v2\/pages\/6952\/revisions"}],"predecessor-version":[{"id":6954,"href":"https:\/\/peranet.com.tr\/en\/wp-json\/wp\/v2\/pages\/6952\/revisions\/6954"}],"up":[{"embeddable":true,"href":"https:\/\/peranet.com.tr\/en\/wp-json\/wp\/v2\/pages\/6894"}],"wp:attachment":[{"href":"https:\/\/peranet.com.tr\/en\/wp-json\/wp\/v2\/media?parent=6952"}],"curies":[{"name":"wp","href":"https:\/\/api.w.org\/{rel}","templated":true}]}}